{"id":430,"date":"2024-03-03T14:59:45","date_gmt":"2024-03-03T14:59:45","guid":{"rendered":"https:\/\/kafiyaeyvazova.com\/?page_id=430"},"modified":"2024-03-03T15:02:17","modified_gmt":"2024-03-03T15:02:17","slug":"f%c9%99ryad","status":"publish","type":"page","link":"https:\/\/kafiyaeyvazova.com\/?page_id=430","title":{"rendered":"F\u0259ryad"},"content":{"rendered":"\t\t<div data-elementor-type=\"wp-page\" data-elementor-id=\"430\" class=\"elementor elementor-430\">\n\t\t\t\t<div class=\"elementor-element elementor-element-c105a6c e-flex e-con-boxed wpr-particle-no wpr-jarallax-no wpr-parallax-no wpr-sticky-section-no wpr-equal-height-no e-con e-parent\" data-id=\"c105a6c\" data-element_type=\"container\" data-e-type=\"container\">\n\t\t\t\t\t<div class=\"e-con-inner\">\n\t\t\t\t<div class=\"elementor-element elementor-element-d824da3 elementor-widget elementor-widget-image\" data-id=\"d824da3\" data-element_type=\"widget\" data-e-type=\"widget\" data-widget_type=\"image.default\">\n\t\t\t\t<div class=\"elementor-widget-container\">\n\t\t\t\t\t\t\t\t\t\t\t\t\t\t\t<img fetchpriority=\"high\" decoding=\"async\" width=\"1024\" height=\"951\" src=\"https:\/\/kafiyaeyvazova.com\/wp-content\/uploads\/2023\/05\/F\u0259ryad-1024x951.jpg\" class=\"attachment-large size-large wp-image-21\" alt=\"\" srcset=\"https:\/\/kafiyaeyvazova.com\/wp-content\/uploads\/2023\/05\/F\u0259ryad-1024x951.jpg 1024w, https:\/\/kafiyaeyvazova.com\/wp-content\/uploads\/2023\/05\/F\u0259ryad-300x279.jpg 300w, https:\/\/kafiyaeyvazova.com\/wp-content\/uploads\/2023\/05\/F\u0259ryad-768x713.jpg 768w, https:\/\/kafiyaeyvazova.com\/wp-content\/uploads\/2023\/05\/F\u0259ryad-1536x1426.jpg 1536w, https:\/\/kafiyaeyvazova.com\/wp-content\/uploads\/2023\/05\/F\u0259ryad-2048x1902.jpg 2048w\" sizes=\"(max-width: 1024px) 100vw, 1024px\" \/>\t\t\t\t\t\t\t\t\t\t\t\t\t\t\t<\/div>\n\t\t\t\t<\/div>\n\t\t\t\t\t<\/div>\n\t\t\t\t<\/div>\n\t\t<div class=\"elementor-element elementor-element-0a6b42a e-flex e-con-boxed wpr-particle-no wpr-jarallax-no wpr-parallax-no wpr-sticky-section-no wpr-equal-height-no e-con e-parent\" data-id=\"0a6b42a\" data-element_type=\"container\" data-e-type=\"container\">\n\t\t\t\t\t<div class=\"e-con-inner\">\n\t\t\t\t<div class=\"elementor-element elementor-element-a77fce7 elementor-widget elementor-widget-text-editor\" data-id=\"a77fce7\" data-element_type=\"widget\" data-e-type=\"widget\" data-widget_type=\"text-editor.default\">\n\t\t\t\t<div class=\"elementor-widget-container\">\n\t\t\t\t\t\t\t\t\t<p style=\"text-align: center;\"><strong>\u0130\u015fin ad\u0131:\u00a0F\u0259ryad<\/strong><\/p><p style=\"text-align: center;\">Texnika:\u00a0qaynar batika (atlas par\u00e7a \u00fcz\u0259rind\u0259)<\/p><p style=\"text-align: center;\">\u00d6l\u00e7\u00fc: 150\u00d7130 sm<\/p><p style=\"text-align: center;\">2019-cu il.<\/p>\t\t\t\t\t\t\t\t<\/div>\n\t\t\t\t<\/div>\n\t\t\t\t\t<\/div>\n\t\t\t\t<\/div>\n\t\t<div class=\"elementor-element elementor-element-83ab956 e-flex e-con-boxed wpr-particle-no wpr-jarallax-no wpr-parallax-no wpr-sticky-section-no wpr-equal-height-no e-con e-parent\" data-id=\"83ab956\" data-element_type=\"container\" data-e-type=\"container\">\n\t\t\t\t\t<div class=\"e-con-inner\">\n\t\t\t\t<div class=\"elementor-element elementor-element-9c0ad7b elementor-widget elementor-widget-text-editor\" data-id=\"9c0ad7b\" data-element_type=\"widget\" data-e-type=\"widget\" data-widget_type=\"text-editor.default\">\n\t\t\t\t<div class=\"elementor-widget-container\">\n\t\t\t\t\t\t\t\t\t<p>\u0130\u015f qaynar batika texnikas\u0131nda i\u015fl\u0259nilib. Y\u0259ni\u00a0 \u015fam \u0259ridil\u0259r\u0259k isti (qaynar) formada istifad\u0259 edilir .<\/p><p>R\u0259sm \u201cXocal\u0131 faci\u0259si\u201d m\u00f6vzusunda i\u015fl\u0259nilib.<\/p><p>M\u0259rk\u0259zd\u0259 yerl\u0259\u015f\u0259n Az\u0259rbaycan x\u0259rit\u0259sinin i\u00e7ind\u0259 gizl\u0259dilmi\u015f insan t\u0259sviri var. Erm\u0259nistan \u00f6lk\u0259si t\u0259r\u0259fd\u0259n \u00e7\u0131xm\u0131\u015f \u0259l Qaraba\u011f b\u00f6lg\u0259sin\u0259 b\u0131\u00e7aq salmas\u0131 eyni zamanda h\u0259min gizl\u0259dilmi\u015f insan\u0131n k\u00fcr\u0259yind\u0259n b\u0131\u00e7aqland\u0131\u011f\u0131 t\u0259svirini yaradir. Bu is\u0259 bir zamanlar Az\u0259rbaycan \u0259razisind\u0259 yerl\u0259\u015f\u0259n erm\u0259nil\u0259rin Az\u0259rbaycana olan x\u0259yan\u0259tini ifad\u0259 edir. X\u0259rit\u0259d\u0259n \u00e7\u0131xan \u201cqan\u201d a\u015fa\u011f\u0131 s\u00fcz\u00fcl\u00fcb axaraq Xocal\u0131 faci\u0259sind\u0259 amans\u0131zca \u00f6ld\u00fcr\u00fclm\u00fc\u015f u\u015faqlar\u0131n t\u0259svirl\u0259rin\u0259 \u00e7evrilir.<\/p><p>\u00a0<\/p><p>Xocal\u0131 faci\u0259sini unutmayaq! Unutdurmayaq!<\/p><p>\u00a0<\/p><p>\u00a0<\/p>\t\t\t\t\t\t\t\t<\/div>\n\t\t\t\t<\/div>\n\t\t\t\t\t<\/div>\n\t\t\t\t<\/div>\n\t\t\t\t<\/div>\n\t\t","protected":false},"excerpt":{"rendered":"<p>\u0130\u015fin ad\u0131:\u00a0F\u0259ryad Texnika:\u00a0qaynar batika (atlas par\u00e7a \u00fcz\u0259rind\u0259) \u00d6l\u00e7\u00fc: 150\u00d7130 sm 2019-cu il. \u0130\u015f qaynar batika texnikas\u0131nda i\u015fl\u0259nilib. Y\u0259ni\u00a0 \u015fam \u0259ridil\u0259r\u0259k isti (qaynar) formada istifad\u0259 edilir . R\u0259sm \u201cXocal\u0131 faci\u0259si\u201d m\u00f6vzusunda i\u015fl\u0259nilib. M\u0259rk\u0259zd\u0259 yerl\u0259\u015f\u0259n Az\u0259rbaycan x\u0259rit\u0259sinin i\u00e7ind\u0259 gizl\u0259dilmi\u015f insan t\u0259sviri var. Erm\u0259nistan \u00f6lk\u0259si t\u0259r\u0259fd\u0259n \u00e7\u0131xm\u0131\u015f \u0259l Qaraba\u011f b\u00f6lg\u0259sin\u0259 b\u0131\u00e7aq salmas\u0131 eyni zamanda h\u0259min gizl\u0259dilmi\u015f insan\u0131n k\u00fcr\u0259yind\u0259n b\u0131\u00e7aqland\u0131\u011f\u0131 t\u0259svirini yaradir. Bu is\u0259 bir zamanlar Az\u0259rbaycan \u0259razisind\u0259 yerl\u0259\u015f\u0259n erm\u0259nil\u0259rin Az\u0259rbaycana olan x\u0259yan\u0259tini ifad\u0259 edir. X\u0259rit\u0259d\u0259n \u00e7\u0131xan \u201cqan\u201d a\u015fa\u011f\u0131 s\u00fcz\u00fcl\u00fcb axaraq Xocal\u0131 faci\u0259sind\u0259 amans\u0131zca \u00f6ld\u00fcr\u00fclm\u00fc\u015f u\u015faqlar\u0131n t\u0259svirl\u0259rin\u0259 \u00e7evrilir. \u00a0 Xocal\u0131 faci\u0259sini unutmayaq! Unutdurmayaq! \u00a0 \u00a0<\/p>\n","protected":false},"author":1,"featured_media":0,"parent":0,"menu_order":0,"comment_status":"closed","ping_status":"closed","template":"","meta":{"footnotes":""},"class_list":["post-430","page","type-page","status-publish","hentry","entry"],"yoast_head":"<!-- This site is optimized with the Yoast SEO plugin v27.4 - https:\/\/yoast.com\/product\/yoast-seo-wordpress\/ -->\n<title>F\u0259ryad - Kafiy\u0259 Eyvazova<\/title>\n<meta name=\"robots\" content=\"index, follow, max-snippet:-1, max-image-preview:large, max-video-preview:-1\" \/>\n<link rel=\"canonical\" href=\"https:\/\/kafiyaeyvazova.com\/?page_id=430\" \/>\n<meta property=\"og:locale\" content=\"az_AZ\" \/>\n<meta property=\"og:type\" content=\"article\" \/>\n<meta property=\"og:title\" content=\"F\u0259ryad - Kafiy\u0259 Eyvazova\" \/>\n<meta property=\"og:description\" content=\"\u0130\u015fin ad\u0131:\u00a0F\u0259ryad Texnika:\u00a0qaynar batika (atlas par\u00e7a \u00fcz\u0259rind\u0259) \u00d6l\u00e7\u00fc: 150\u00d7130 sm 2019-cu il. \u0130\u015f qaynar batika texnikas\u0131nda i\u015fl\u0259nilib. Y\u0259ni\u00a0 \u015fam \u0259ridil\u0259r\u0259k isti (qaynar) formada istifad\u0259 edilir . R\u0259sm \u201cXocal\u0131 faci\u0259si\u201d m\u00f6vzusunda i\u015fl\u0259nilib. M\u0259rk\u0259zd\u0259 yerl\u0259\u015f\u0259n Az\u0259rbaycan x\u0259rit\u0259sinin i\u00e7ind\u0259 gizl\u0259dilmi\u015f insan t\u0259sviri var. Erm\u0259nistan \u00f6lk\u0259si t\u0259r\u0259fd\u0259n \u00e7\u0131xm\u0131\u015f \u0259l Qaraba\u011f b\u00f6lg\u0259sin\u0259 b\u0131\u00e7aq salmas\u0131 eyni zamanda h\u0259min gizl\u0259dilmi\u015f insan\u0131n k\u00fcr\u0259yind\u0259n b\u0131\u00e7aqland\u0131\u011f\u0131 t\u0259svirini yaradir. Bu is\u0259 bir zamanlar Az\u0259rbaycan \u0259razisind\u0259 yerl\u0259\u015f\u0259n erm\u0259nil\u0259rin Az\u0259rbaycana olan x\u0259yan\u0259tini ifad\u0259 edir. X\u0259rit\u0259d\u0259n \u00e7\u0131xan \u201cqan\u201d a\u015fa\u011f\u0131 s\u00fcz\u00fcl\u00fcb axaraq Xocal\u0131 faci\u0259sind\u0259 amans\u0131zca \u00f6ld\u00fcr\u00fclm\u00fc\u015f u\u015faqlar\u0131n t\u0259svirl\u0259rin\u0259 \u00e7evrilir. \u00a0 Xocal\u0131 faci\u0259sini unutmayaq! Unutdurmayaq! \u00a0 \u00a0\" \/>\n<meta property=\"og:url\" content=\"https:\/\/kafiyaeyvazova.com\/?page_id=430\" \/>\n<meta property=\"og:site_name\" content=\"Kafiy\u0259 Eyvazova\" \/>\n<meta property=\"article:modified_time\" content=\"2024-03-03T15:02:17+00:00\" \/>\n<meta name=\"twitter:card\" content=\"summary_large_image\" \/>\n<meta name=\"twitter:label1\" content=\"Est. reading time\" \/>\n\t<meta name=\"twitter:data1\" content=\"1 minute\" \/>\n<script type=\"application\/ld+json\" class=\"yoast-schema-graph\">{\"@context\":\"https:\\\/\\\/schema.org\",\"@graph\":[{\"@type\":\"WebPage\",\"@id\":\"https:\\\/\\\/kafiyaeyvazova.com\\\/?page_id=430\",\"url\":\"https:\\\/\\\/kafiyaeyvazova.com\\\/?page_id=430\",\"name\":\"F\u0259ryad - Kafiy\u0259 Eyvazova\",\"isPartOf\":{\"@id\":\"https:\\\/\\\/kafiyaeyvazova.com\\\/#website\"},\"datePublished\":\"2024-03-03T14:59:45+00:00\",\"dateModified\":\"2024-03-03T15:02:17+00:00\",\"breadcrumb\":{\"@id\":\"https:\\\/\\\/kafiyaeyvazova.com\\\/?page_id=430#breadcrumb\"},\"inLanguage\":\"az\",\"potentialAction\":[{\"@type\":\"ReadAction\",\"target\":[\"https:\\\/\\\/kafiyaeyvazova.com\\\/?page_id=430\"]}]},{\"@type\":\"BreadcrumbList\",\"@id\":\"https:\\\/\\\/kafiyaeyvazova.com\\\/?page_id=430#breadcrumb\",\"itemListElement\":[{\"@type\":\"ListItem\",\"position\":1,\"name\":\"\u018fsas s\u0259hif\u0259\",\"item\":\"https:\\\/\\\/kafiyaeyvazova.com\\\/\"},{\"@type\":\"ListItem\",\"position\":2,\"name\":\"F\u0259ryad\"}]},{\"@type\":\"WebSite\",\"@id\":\"https:\\\/\\\/kafiyaeyvazova.com\\\/#website\",\"url\":\"https:\\\/\\\/kafiyaeyvazova.com\\\/\",\"name\":\"Kafiy\u0259 Eyvazova\",\"description\":\"M\u00fcst\u0259qil r\u0259ssam\",\"publisher\":{\"@id\":\"https:\\\/\\\/kafiyaeyvazova.com\\\/#organization\"},\"potentialAction\":[{\"@type\":\"SearchAction\",\"target\":{\"@type\":\"EntryPoint\",\"urlTemplate\":\"https:\\\/\\\/kafiyaeyvazova.com\\\/?s={search_term_string}\"},\"query-input\":{\"@type\":\"PropertyValueSpecification\",\"valueRequired\":true,\"valueName\":\"search_term_string\"}}],\"inLanguage\":\"az\"},{\"@type\":\"Organization\",\"@id\":\"https:\\\/\\\/kafiyaeyvazova.com\\\/#organization\",\"name\":\"Kafiy\u0259 Eyvazova\",\"url\":\"https:\\\/\\\/kafiyaeyvazova.com\\\/\",\"logo\":{\"@type\":\"ImageObject\",\"inLanguage\":\"az\",\"@id\":\"https:\\\/\\\/kafiyaeyvazova.com\\\/#\\\/schema\\\/logo\\\/image\\\/\",\"url\":\"https:\\\/\\\/kafiyaeyvazova.com\\\/wp-content\\\/uploads\\\/2024\\\/03\\\/cropped-Untitled34_20240302171733.png\",\"contentUrl\":\"https:\\\/\\\/kafiyaeyvazova.com\\\/wp-content\\\/uploads\\\/2024\\\/03\\\/cropped-Untitled34_20240302171733.png\",\"width\":2047,\"height\":813,\"caption\":\"Kafiy\u0259 Eyvazova\"},\"image\":{\"@id\":\"https:\\\/\\\/kafiyaeyvazova.com\\\/#\\\/schema\\\/logo\\\/image\\\/\"}}]}<\/script>\n<!-- \/ Yoast SEO plugin. -->","yoast_head_json":{"title":"F\u0259ryad - Kafiy\u0259 Eyvazova","robots":{"index":"index","follow":"follow","max-snippet":"max-snippet:-1","max-image-preview":"max-image-preview:large","max-video-preview":"max-video-preview:-1"},"canonical":"https:\/\/kafiyaeyvazova.com\/?page_id=430","og_locale":"az_AZ","og_type":"article","og_title":"F\u0259ryad - Kafiy\u0259 Eyvazova","og_description":"\u0130\u015fin ad\u0131:\u00a0F\u0259ryad Texnika:\u00a0qaynar batika (atlas par\u00e7a \u00fcz\u0259rind\u0259) \u00d6l\u00e7\u00fc: 150\u00d7130 sm 2019-cu il. \u0130\u015f qaynar batika texnikas\u0131nda i\u015fl\u0259nilib. Y\u0259ni\u00a0 \u015fam \u0259ridil\u0259r\u0259k isti (qaynar) formada istifad\u0259 edilir . R\u0259sm \u201cXocal\u0131 faci\u0259si\u201d m\u00f6vzusunda i\u015fl\u0259nilib. M\u0259rk\u0259zd\u0259 yerl\u0259\u015f\u0259n Az\u0259rbaycan x\u0259rit\u0259sinin i\u00e7ind\u0259 gizl\u0259dilmi\u015f insan t\u0259sviri var. Erm\u0259nistan \u00f6lk\u0259si t\u0259r\u0259fd\u0259n \u00e7\u0131xm\u0131\u015f \u0259l Qaraba\u011f b\u00f6lg\u0259sin\u0259 b\u0131\u00e7aq salmas\u0131 eyni zamanda h\u0259min gizl\u0259dilmi\u015f insan\u0131n k\u00fcr\u0259yind\u0259n b\u0131\u00e7aqland\u0131\u011f\u0131 t\u0259svirini yaradir. Bu is\u0259 bir zamanlar Az\u0259rbaycan \u0259razisind\u0259 yerl\u0259\u015f\u0259n erm\u0259nil\u0259rin Az\u0259rbaycana olan x\u0259yan\u0259tini ifad\u0259 edir. X\u0259rit\u0259d\u0259n \u00e7\u0131xan \u201cqan\u201d a\u015fa\u011f\u0131 s\u00fcz\u00fcl\u00fcb axaraq Xocal\u0131 faci\u0259sind\u0259 amans\u0131zca \u00f6ld\u00fcr\u00fclm\u00fc\u015f u\u015faqlar\u0131n t\u0259svirl\u0259rin\u0259 \u00e7evrilir. \u00a0 Xocal\u0131 faci\u0259sini unutmayaq! Unutdurmayaq! \u00a0 \u00a0","og_url":"https:\/\/kafiyaeyvazova.com\/?page_id=430","og_site_name":"Kafiy\u0259 Eyvazova","article_modified_time":"2024-03-03T15:02:17+00:00","twitter_card":"summary_large_image","twitter_misc":{"Est. reading time":"1 minute"},"schema":{"@context":"https:\/\/schema.org","@graph":[{"@type":"WebPage","@id":"https:\/\/kafiyaeyvazova.com\/?page_id=430","url":"https:\/\/kafiyaeyvazova.com\/?page_id=430","name":"F\u0259ryad - Kafiy\u0259 Eyvazova","isPartOf":{"@id":"https:\/\/kafiyaeyvazova.com\/#website"},"datePublished":"2024-03-03T14:59:45+00:00","dateModified":"2024-03-03T15:02:17+00:00","breadcrumb":{"@id":"https:\/\/kafiyaeyvazova.com\/?page_id=430#breadcrumb"},"inLanguage":"az","potentialAction":[{"@type":"ReadAction","target":["https:\/\/kafiyaeyvazova.com\/?page_id=430"]}]},{"@type":"BreadcrumbList","@id":"https:\/\/kafiyaeyvazova.com\/?page_id=430#breadcrumb","itemListElement":[{"@type":"ListItem","position":1,"name":"\u018fsas s\u0259hif\u0259","item":"https:\/\/kafiyaeyvazova.com\/"},{"@type":"ListItem","position":2,"name":"F\u0259ryad"}]},{"@type":"WebSite","@id":"https:\/\/kafiyaeyvazova.com\/#website","url":"https:\/\/kafiyaeyvazova.com\/","name":"Kafiy\u0259 Eyvazova","description":"M\u00fcst\u0259qil r\u0259ssam","publisher":{"@id":"https:\/\/kafiyaeyvazova.com\/#organization"},"potentialAction":[{"@type":"SearchAction","target":{"@type":"EntryPoint","urlTemplate":"https:\/\/kafiyaeyvazova.com\/?s={search_term_string}"},"query-input":{"@type":"PropertyValueSpecification","valueRequired":true,"valueName":"search_term_string"}}],"inLanguage":"az"},{"@type":"Organization","@id":"https:\/\/kafiyaeyvazova.com\/#organization","name":"Kafiy\u0259 Eyvazova","url":"https:\/\/kafiyaeyvazova.com\/","logo":{"@type":"ImageObject","inLanguage":"az","@id":"https:\/\/kafiyaeyvazova.com\/#\/schema\/logo\/image\/","url":"https:\/\/kafiyaeyvazova.com\/wp-content\/uploads\/2024\/03\/cropped-Untitled34_20240302171733.png","contentUrl":"https:\/\/kafiyaeyvazova.com\/wp-content\/uploads\/2024\/03\/cropped-Untitled34_20240302171733.png","width":2047,"height":813,"caption":"Kafiy\u0259 Eyvazova"},"image":{"@id":"https:\/\/kafiyaeyvazova.com\/#\/schema\/logo\/image\/"}}]}},"jetpack_sharing_enabled":true,"_links":{"self":[{"href":"https:\/\/kafiyaeyvazova.com\/index.php?rest_route=\/wp\/v2\/pages\/430","targetHints":{"allow":["GET"]}}],"collection":[{"href":"https:\/\/kafiyaeyvazova.com\/index.php?rest_route=\/wp\/v2\/pages"}],"about":[{"href":"https:\/\/kafiyaeyvazova.com\/index.php?rest_route=\/wp\/v2\/types\/page"}],"author":[{"embeddable":true,"href":"https:\/\/kafiyaeyvazova.com\/index.php?rest_route=\/wp\/v2\/users\/1"}],"replies":[{"embeddable":true,"href":"https:\/\/kafiyaeyvazova.com\/index.php?rest_route=%2Fwp%2Fv2%2Fcomments&post=430"}],"version-history":[{"count":5,"href":"https:\/\/kafiyaeyvazova.com\/index.php?rest_route=\/wp\/v2\/pages\/430\/revisions"}],"predecessor-version":[{"id":435,"href":"https:\/\/kafiyaeyvazova.com\/index.php?rest_route=\/wp\/v2\/pages\/430\/revisions\/435"}],"wp:attachment":[{"href":"https:\/\/kafiyaeyvazova.com\/index.php?rest_route=%2Fwp%2Fv2%2Fmedia&parent=430"}],"curies":[{"name":"wp","href":"https:\/\/api.w.org\/{rel}","templated":true}]}}